{"id":2729,"date":"2018-04-25T01:11:10","date_gmt":"2018-04-24T23:11:10","guid":{"rendered":"https:\/\/of-tsavo-west.de\/?page_id=2729"},"modified":"2018-08-02T18:13:44","modified_gmt":"2018-08-02T16:13:44","slug":"links-2","status":"publish","type":"page","link":"https:\/\/of-tsavo-west.de\/?page_id=2729","title":{"rendered":"Links"},"content":{"rendered":"<h2><span style=\"color: #000000;\"><strong>Verb\u00e4nde \/ Vereine<\/strong><\/span><\/h2>\n<p><span style=\"color: #000000;\"><a style=\"color: #000000;\" href=\"http:\/\/www.dzrr.de\/\">www.dzrr.de<\/a><\/span><\/p>\n<p><span style=\"color: #000000;\"><a style=\"color: #000000;\" href=\"http:\/\/www.rhodesianridgeback.ch\/\">www.rhodesianridgeback.ch<\/a><\/span><\/p>\n<p><span style=\"color: #000000;\"><a style=\"color: #000000;\" href=\"http:\/\/www.rrci.it\/\">www.rrci.it<\/a><\/span><\/p>\n<p><span style=\"color: #000000;\"><a style=\"color: #000000;\" href=\"http:\/\/www.rhodesian-ridgeback.at\/\">www.rhodesian-ridgeback.at<\/a><\/span><\/p>\n<p><span style=\"color: #000000;\"><a style=\"color: #000000;\" href=\"http:\/\/www.rhodesian-ridgeback.org\/\">www.rhodesian-ridgeback.org<\/a><\/span><\/p>\n<p><span style=\"color: #000000;\"><a style=\"color: #000000;\" href=\"http:\/\/www.hundeweb.org\/\">www.hundeweb.org<\/a><\/span><\/p>\n<p>&nbsp;<\/p>\n<h2><span style=\"color: #000000;\"><strong>Shops<\/strong><\/span><\/h2>\n<p><span style=\"color: #000000;\"><a style=\"color: #000000;\" href=\"http:\/\/www.hundundso.ch\/38-afrikanische-halsbander\">www.hundundso.ch<\/a>\u00a0\u00a0(Afrikanische Halsb\u00e4nder)<\/span><\/p>\n<p>&nbsp;<\/p>\n<h2><span style=\"color: #000000;\"><strong>RR Fotografie<\/strong><\/span><\/h2>\n<p><span style=\"color: #000000;\"><a style=\"color: #000000;\" href=\"http:\/\/www.kisangani%2Cde\/\">www.kisangani.de\u00a0 (by Karin van Klaveren)<\/a><\/span><\/p>\n<p><span style=\"color: #000000;\"><a style=\"color: #000000;\" href=\"http:\/\/www.shurubu.com\">www.shurubu.com<\/a>\u00a0 (by Michael Bossard)<\/span><\/p>\n<p>&nbsp;<\/p>\n<h2><strong>Show Handling Training<\/strong><\/h2>\n<p><span style=\"color: #000000;\"><a style=\"color: #000000;\" href=\"http:\/\/www.shurubu.com\">www.shurubu.com<\/a>\u00a0 (by Petra Bossard)<\/span><\/p>\n<p>&nbsp;<\/p>\n<h2><span style=\"color: #000000;\"><strong>Literatur-Empfehlungen<\/strong><\/span><\/h2>\n<p><span style=\"color: #000000;\"><a style=\"color: #000000;\" href=\"https:\/\/www.amazon.de\/Rhodesian-Ridgeback-Jochen-H-Eberhardt\/dp\/3826384660\/ref=sr_1_21?ie=UTF8&amp;qid=1527174997&amp;sr=8-21&amp;keywords=rhodesian+ridgeback+buch\">Der Rhodesian Ridgeback: von Jochen H. Eberhardt\u00a0<\/a>\u00a0<a style=\"color: #000000;\" href=\"https:\/\/www.amazon.de\/Rhodesian-Ridegeback-L%C3%B6wenhund-Afrikas-Gro%C3%9Fformat\/dp\/3861278065\/ref=sr_1_3?ie=UTF8&amp;qid=1527173837&amp;sr=8-3&amp;keywords=rhodesian+ridgeback+cadmos\">Rhodesian Ridegeback: Der L\u00f6wenhund Afrikas: von\u00a0Peter Obschernicat<\/a><\/span><\/p>\n<p><span style=\"color: #000000;\"><a style=\"color: #000000;\" href=\"https:\/\/www.amazon.de\/Rhodesian-Ridgeback-Charakter-Gesundheit-Hunderassen\/dp\/B015YM948C\/ref=sr_1_2?ie=UTF8&amp;qid=1527174109&amp;sr=8-2&amp;keywords=rhodesian+ridgeback+cadmos\">Rhodesian Ridgeback: Charakter, Erziehung, Gesundheit:\u00a0von\u00a0Peter Obschernicat<\/a><\/span><\/p>\n<p><span style=\"color: #000000;\"><a style=\"color: #000000;\" href=\"https:\/\/www.amazon.de\/Rhodesian-Ridgeback-Praxiswissen-Claudia-K%C3%B6rner\/dp\/3440125416\/ref=sr_1_2?s=books&amp;ie=UTF8&amp;qid=1527174800&amp;sr=1-2&amp;keywords=claudia+k%C3%B6rner\">Rhodesian Ridgeback (Praxiswissen Hund): von Claudia K\u00f6rner<\/a><\/span><\/p>\n<p><span style=\"color: #000000;\"><a style=\"color: #000000;\" href=\"https:\/\/www.amazon.de\/Rhodesian-Ridgeback-Erziehung-Besch%C3%A4ftigung-Praxiswissen\/dp\/3440151379\/ref=sr_1_1?s=books&amp;ie=UTF8&amp;qid=1527174800&amp;sr=1-1&amp;keywords=claudia+k%C3%B6rner\">Rhodesian Ridgeback: Auswahl, Haltung, Erziehung, Besch\u00e4ftigung: von Claudia K\u00f6rner<\/a><\/span><\/p>\n<p><span style=\"color: #000000;\"><a style=\"color: #000000;\" href=\"https:\/\/www.amazon.de\/Rhodesian-Ridgeback-Praxisratgeber-Ann-Chamberlain\/dp\/3898600033\/ref=pd_sim_14_4?_encoding=UTF8&amp;psc=1&amp;refRID=4PVCBS6YSJG8GSKFWTDP\">Rhodesian Ridgeback, Praxisratgeber: von Ann Chamberlain\u00a0<\/a><\/span><\/p>\n<p><span style=\"color: #000000;\"><a style=\"color: #000000;\" href=\"https:\/\/www.amazon.de\/Mein-gesunder-Rhodesian-Ridgeback-Chamberlain\/dp\/393364674X\/ref=sr_1_1?s=books-intl-de&amp;ie=UTF8&amp;qid=1527175561&amp;sr=8-1&amp;keywords=mein+gesunder+rhodesian+ridgeback\">Mein gesunder Rhodesian Ridgeback: von Ann Chamberlain\u00a0<\/a><\/span><\/p>\n<p><span style=\"color: #000000;\"><a style=\"color: #000000;\" href=\"https:\/\/www.amazon.de\/Best-Show-Hunde-erfolgreich-ausstellen\/dp\/3954640961\/ref=sr_1_1?s=books&amp;ie=UTF8&amp;qid=1527174476&amp;sr=1-1&amp;keywords=best+in+show\">Best in Show: Hunde erfolgreich ausstellen:\u00a0von\u00a0Dr. Peter Beyersdorf<\/a><\/span><\/p>\n<p><span style=\"color: #000000;\"><a style=\"color: #000000;\" href=\"https:\/\/www.amazon.de\/Man-nennt-mich-Hundefl%C3%BCsterin-Verst%C3%A4ndigung\/dp\/3905319888\/ref=sr_1_1?s=books&amp;ie=UTF8&amp;qid=1527178588&amp;sr=1-1&amp;keywords=christiane+rohn\">Man nennt mich Hundefl\u00fcsterin \u2013 Die Geheimnisse der Verst\u00e4ndigung mit dem Tier: von Christiane Rohn\u00a0<\/a><\/span><\/p>\n<p><span style=\"color: #000000;\"><a style=\"color: #000000;\" href=\"https:\/\/www.amazon.de\/Warum-tut-Hund-was-Anamnese-Leitfaden\/dp\/3800108542\/ref=sr_1_fkmr1_1?s=books&amp;ie=UTF8&amp;qid=1527174536&amp;sr=1-1-fkmr1&amp;keywords=warum+tut+der+hund+wasser+tut\">Warum tut der Hund, was er tut? :\u00a0 von\u00a0Christine Holst\u00a0\u00a0<\/a><\/span><\/p>\n<p><span style=\"color: #000000;\"><a style=\"color: #000000;\" href=\"https:\/\/www.amazon.de\/Hunde-ihre-Menschen-Dorit-Feddersen-Petersen\/dp\/3440058557\/ref=sr_1_5?ie=UTF8&amp;qid=1527174709&amp;sr=8-5&amp;keywords=dorit+feddersen+petersen\">Hunde und ihre Menschen: von Dorit Feddersen-Petersen<\/a><\/span><\/p>\n<p><span style=\"color: #000000;\"><a style=\"color: #000000;\" href=\"https:\/\/www.amazon.de\/Katzen-w%C3%BCrden-M%C3%A4use-kaufen-Schwarzbuch\/dp\/3453600975\/ref=sr_1_3?s=books&amp;ie=UTF8&amp;qid=1527175195&amp;sr=1-3&amp;keywords=katzen+w%C3%BCrden+m%C3%A4use+kaufen\">Katzen w\u00fcrden M\u00e4use kaufen: von Hans-Ulrich Grimm\u00a0<\/a>\u00a0<a style=\"color: #000000;\" href=\"https:\/\/www.amazon.de\/Hunde-w%C3%BCrden-l%C3%A4nger-leben-wenn\/dp\/3868822348\/ref=sr_1_1?s=books&amp;ie=UTF8&amp;qid=1527175295&amp;sr=1-1&amp;keywords=hunde+w%C3%BCrden+l%C3%A4nger+leben.+wenn...+schwarzbuch+tierarzt\">Hunde w\u00fcrden l\u00e4nger leben, wenn \u2026: von Jutta Ziegler<\/a>\u00a0<a style=\"color: #000000;\" href=\"https:\/\/www.amazon.de\/s\/ref=nb_sb_noss_1?__mk_de_DE=%C3%85M%C3%85%C5%BD%C3%95%C3%91&amp;url=search-alias%3Dstripbooks&amp;field-keywords=swanie+simon&amp;rh=n%3A186606%2Ck%3Aswanie+simon\">BARF Biologisch Artgerechtes Rohes Futter f\u00fcr Welpen und tr\u00e4chtige H\u00fcndinnen:\u00a0<\/a>von\u00a0<a style=\"color: #000000;\" href=\"https:\/\/www.amazon.de\/Swanie-Simon\/e\/B0045AX44K\/ref=sr_ntt_srch_lnk_2?qid=1527179198&amp;sr=1-2\">Swanie Simon<\/a><\/span><\/p>\n<p><span style=\"color: #000000;\"><a style=\"color: #000000;\" href=\"https:\/\/www.amazon.de\/BARF-Biologisch-Artgerechtes-Rohes-Futter\/dp\/3939522007\/ref=sr_1_1?s=books&amp;ie=UTF8&amp;qid=1527179263&amp;sr=1-1&amp;keywords=swanie+simon\">BARF \u2013 Biologisch Artgerechtes Rohes Futter f\u00fcr Hunde\u00a0Taschenbuch:\u00a0von\u00a0Swanie Simon<\/a><\/span><\/p>\n<p><span style=\"color: #000000;\"><a style=\"color: #000000;\" href=\"https:\/\/www.amazon.de\/BARF-SENIOR-Biologisch-Artgerechtes-Erkrankungen\/dp\/3939522023\/ref=sr_1_3?s=books&amp;ie=UTF8&amp;qid=1527179263&amp;sr=1-3&amp;keywords=swanie+simon\">BARF SENIOR \u2013 Biologisch Artgerechtes Rohes Futter im Alter und bei Erkrankungen:\u00a0<\/a>von\u00a0<a style=\"color: #000000;\" href=\"https:\/\/www.amazon.de\/Swanie-Simon\/e\/B0045AX44K\/ref=sr_ntt_srch_lnk_3?qid=1527179263&amp;sr=1-3\">Swanie Simon<\/a><\/span><\/p>\n<p><span style=\"color: #000000;\"><a style=\"color: #000000;\" href=\"https:\/\/www.amazon.de\/B-R-F-Artgerechte-Rohern%C3%A4hrung-praktischer\/dp\/3938071117\/ref=sr_1_1?ie=UTF8&amp;qid=1527174326&amp;sr=8-1&amp;keywords=barf+artgerechte+rohern%C3%A4hrung+f%C3%BCr+hunde\">B.A.R.F. \u2013 Artgerechte Rohern\u00e4hrung f\u00fcr Hunde: Ein praktischer Ratgeber: von\u00a0Barbara Messika und\u00a0Sabine Sch\u00e4fer<\/a><\/span><\/p>\n<p><span style=\"color: #000000;\"><a style=\"color: #000000;\" href=\"https:\/\/www.amazon.de\/B-R-F-Bibel-Ein-medizinischer-Ratgeber\/dp\/3981563417\/ref=sr_1_1?s=books&amp;ie=UTF8&amp;qid=1527174400&amp;sr=1-1&amp;keywords=barf+bibel\">B.A.R.F.-Bibel: Ein medizinischer Ratgeber:\u00a0von\u00a0Dr. med. vet. Katja Sauer<\/a><\/span><\/p>\n","protected":false},"excerpt":{"rendered":"<p>Verb\u00e4nde \/ Vereine www.dzrr.de www.rhodesianridgeback.ch www.rrci.it www.rhodesian-ridgeback.at www.rhodesian-ridgeback.org www.hundeweb.org &nbsp; Shops www.hundundso.ch\u00a0\u00a0(Afrikanische Halsb\u00e4nder) &nbsp; RR Fotografie www.kisangani.de\u00a0 (by Karin van Klaveren) www.shurubu.com\u00a0 (by Michael Bossard) &nbsp; Show Handling Training www.shurubu.com\u00a0 (by Petra Bossard) &nbsp; Literatur-Empfehlungen Der Rhodesian Ridgeback: von Jochen H. Eberhardt\u00a0\u00a0Rhodesian Ridegeback: Der L\u00f6wenhund Afrikas: von\u00a0Peter Obschernicat Rhodesian Ridgeback: Charakter, Erziehung, Gesundheit:\u00a0von\u00a0Peter Obschernicat Rhodesian [&hellip;]<\/p>\n","protected":false},"author":1,"featured_media":0,"parent":0,"menu_order":0,"comment_status":"closed","ping_status":"closed","template":"","meta":{"footnotes":""},"class_list":["post-2729","page","type-page","status-publish","hentry"],"_links":{"self":[{"href":"https:\/\/of-tsavo-west.de\/index.php?rest_route=\/wp\/v2\/pages\/2729","targetHints":{"allow":["GET"]}}],"collection":[{"href":"https:\/\/of-tsavo-west.de\/index.php?rest_route=\/wp\/v2\/pages"}],"about":[{"href":"https:\/\/of-tsavo-west.de\/index.php?rest_route=\/wp\/v2\/types\/page"}],"author":[{"embeddable":true,"href":"https:\/\/of-tsavo-west.de\/index.php?rest_route=\/wp\/v2\/users\/1"}],"replies":[{"embeddable":true,"href":"https:\/\/of-tsavo-west.de\/index.php?rest_route=%2Fwp%2Fv2%2Fcomments&post=2729"}],"version-history":[{"count":35,"href":"https:\/\/of-tsavo-west.de\/index.php?rest_route=\/wp\/v2\/pages\/2729\/revisions"}],"predecessor-version":[{"id":3077,"href":"https:\/\/of-tsavo-west.de\/index.php?rest_route=\/wp\/v2\/pages\/2729\/revisions\/3077"}],"wp:attachment":[{"href":"https:\/\/of-tsavo-west.de\/index.php?rest_route=%2Fwp%2Fv2%2Fmedia&parent=2729"}],"curies":[{"name":"wp","href":"https:\/\/api.w.org\/{rel}","templated":true}]}}