{"id":2100,"date":"2016-04-25T16:50:10","date_gmt":"2016-04-25T14:50:10","guid":{"rendered":"http:\/\/rhodesian-ridgeback.lima-city.de\/?page_id=2100"},"modified":"2018-07-07T12:29:08","modified_gmt":"2018-07-07T10:29:08","slug":"geschichte","status":"publish","type":"page","link":"https:\/\/of-tsavo-west.de\/?page_id=2100","title":{"rendered":"Die Geschichte des Rhodesian Ridgeback"},"content":{"rendered":"<p>Der Rhodesian Ridgeback (RR) ist die bislang einzige anerkannte, aus dem s\u00fcdlichen Afrika stammende Hunderasse mit einer zwischenzeitlich sehr langen Tradition als Jagd- und Wachhund. <img loading=\"lazy\" decoding=\"async\" class=\"size-medium wp-image-2660 alignleft\" src=\"https:\/\/of-tsavo-west.de\/wp-content\/uploads\/1060-w396-1-1-300x166.jpg\" alt=\"\" width=\"300\" height=\"166\" srcset=\"https:\/\/of-tsavo-west.de\/wp-content\/uploads\/1060-w396-1-1-300x166.jpg 300w, https:\/\/of-tsavo-west.de\/wp-content\/uploads\/1060-w396-1-1.jpg 396w\" sizes=\"auto, (max-width: 300px) 100vw, 300px\" \/> Bereits im Jahre 1480 erw\u00e4hnen erste portugiesische Berichte aus dem s\u00fcdlichen Afrika den Hund mit dem R\u00fcckenkamm, das einzige Haustier des Stammes der Hottentotten, als &#8222;\u00fcberaus brauchbar und treu&#8220;. Auch in den Beschreibungen der Lebensbedingungen in S\u00fcdafrika, die der Gelehrte Theal im Jahre 1505 verfa\u00dfte, wird der Hottentotten-Ridgeback erw\u00e4hnt. Jahrhundertelang begleitete so der eher unscheinbare Hund, dessen K\u00f6rper dem eines Schakals \u00e4hnelte, seinen Herrn im Kampf ums \u00dcberleben unter den harten Bedingungen eines Kontinents, auf dem der Mensch noch lange Zeit unter \u00e4u\u00dferst widrigen Bedingungen existieren mu\u00dfte. Der Hund war nicht nur ein zuverl\u00e4ssiger W\u00e4chter der H\u00fctten und Herden, sondern kam auch vor allem bei der Jagd auf L\u00f6wen, die die Existenzgrundlage der Eingeborenen st\u00e4ndig bedrohten, zum Einsatz. Der L\u00f6we wurde mit diesem Hund zu Stand gehetzt, so da\u00df er mit den einfachen Waffen der Hottentotten erlegt werden konnte. <img loading=\"lazy\" decoding=\"async\" class=\"size-medium wp-image-2663 alignleft\" src=\"https:\/\/of-tsavo-west.de\/wp-content\/uploads\/1071-w396-2-1-300x198.jpg\" alt=\"\" width=\"300\" height=\"198\" srcset=\"https:\/\/of-tsavo-west.de\/wp-content\/uploads\/1071-w396-2-1-300x198.jpg 300w, https:\/\/of-tsavo-west.de\/wp-content\/uploads\/1071-w396-2-1.jpg 396w\" sizes=\"auto, (max-width: 300px) 100vw, 300px\" \/> Meist in Gruppen von zwei oder drei Hunden jagend, war die urspr\u00fcngliche Aufgabe des Rhodesian Ridgeback, Gro\u00dfwild, haupts\u00e4chlich L\u00f6wen, aufzusp\u00fcren und mit gro\u00dfer Behendigkeit am Stand zu halten, bis der J\u00e4ger herangekommen war. Die ersten Siedler am Kap erw\u00e4hnen Mitte des 17. Jahrhunderts die ridgetragenden Hunde und ihren &#8222;gro\u00dfen Mut vor den Raubtieren&#8220;. Die Einwanderer erkannten schnell die \u00dcberlegenheit des bodenst\u00e4ndigen Hundes gegen\u00fcber ihren mitgebrachten europ\u00e4ischen Schl\u00e4gen. Um dessen, insbesondere f\u00fcr die Jagd \u00fcberaus wertvollen Eigenschaften f\u00fcr den Einsatz ihrer eigenen Hunderassen zur Verf\u00fcgung zu haben, begannen sie mit Z\u00fcchtungen und gezielten Einkreuzungen lange bew\u00e4hrter europ\u00e4ischer Rassen. <img loading=\"lazy\" decoding=\"async\" class=\"size-medium wp-image-2854 alignleft\" src=\"https:\/\/of-tsavo-west.de\/wp-content\/uploads\/Lion-208x300.png\" alt=\"\" width=\"208\" height=\"300\" srcset=\"https:\/\/of-tsavo-west.de\/wp-content\/uploads\/Lion-208x300.png 208w, https:\/\/of-tsavo-west.de\/wp-content\/uploads\/Lion.png 391w\" sizes=\"auto, (max-width: 208px) 100vw, 208px\" \/> Hier ist vor allem der englische Bloodhound, der f\u00fcr die hervorragende Nase und die Gr\u00f6\u00dfe des sp\u00e4teren Ridgebacks sorgte, zu nennen. Mit Sicherheit ist auch der Sloughi unter den Vorfahren des Ridgebacks vertreten. Von ihm hat der RR zweifellos das vorz\u00fcgliche Auge und die Schnelligkeit. Im Jahre 1879 brachte Charles Helm zwei Ridgehunde aus Swellendamm (S\u00fcdafrika) nach Bulawaayo, Rhodesien. <img loading=\"lazy\" decoding=\"async\" class=\"size-full wp-image-2662 alignnone\" src=\"https:\/\/of-tsavo-west.de\/wp-content\/uploads\/van-Rooyen.jpg\" alt=\"\" width=\"273\" height=\"223\" \/> Einige Nachkommen dieser urspr\u00fcnglichen Importe wurden sp\u00e4ter vom Gro\u00dfwildj\u00e4ger Cornelius van Rooyen erworben. Aus dem Kern der &#8222;Helm-Hunde&#8220; baute er seine ber\u00fchmte und sehr begehrte Meute auf, die zuerst bekannt war als &#8222;van-Rooyen-Hunde&#8220;, sp\u00e4ter als &#8222;L\u00f6wenhunde&#8220; und schlie\u00dflich als Rhodesian Ridgebacks. <img loading=\"lazy\" decoding=\"async\" class=\"alignnone size-full wp-image-2664\" src=\"https:\/\/of-tsavo-west.de\/wp-content\/uploads\/1104-w169-5-1.jpg\" alt=\"\" width=\"169\" height=\"231\" \/> 1922 wurde in Bulawaayo der Zuchtverband des Rhodesian Ridgeback gegr\u00fcndet. 1925 erkannte ihn die Kennel Union of South Afrika als reine Rasse an. Inzwischen ist der Rhodesian Ridgeback \u00fcber die gesamte Welt verbreitet. \u00a0<\/p>\n","protected":false},"excerpt":{"rendered":"<p>Der Rhodesian Ridgeback (RR) ist die bislang einzige anerkannte, aus dem s\u00fcdlichen Afrika stammende Hunderasse mit einer zwischenzeitlich sehr langen Tradition als Jagd- und Wachhund. Bereits im Jahre 1480 erw\u00e4hnen erste portugiesische Berichte aus dem s\u00fcdlichen Afrika den Hund mit dem R\u00fcckenkamm, das einzige Haustier des Stammes der Hottentotten, als &#8222;\u00fcberaus brauchbar und treu&#8220;. Auch [&hellip;]<\/p>\n","protected":false},"author":4,"featured_media":0,"parent":2044,"menu_order":0,"comment_status":"closed","ping_status":"closed","template":"","meta":{"footnotes":""},"class_list":["post-2100","page","type-page","status-publish","hentry"],"_links":{"self":[{"href":"https:\/\/of-tsavo-west.de\/index.php?rest_route=\/wp\/v2\/pages\/2100","targetHints":{"allow":["GET"]}}],"collection":[{"href":"https:\/\/of-tsavo-west.de\/index.php?rest_route=\/wp\/v2\/pages"}],"about":[{"href":"https:\/\/of-tsavo-west.de\/index.php?rest_route=\/wp\/v2\/types\/page"}],"author":[{"embeddable":true,"href":"https:\/\/of-tsavo-west.de\/index.php?rest_route=\/wp\/v2\/users\/4"}],"replies":[{"embeddable":true,"href":"https:\/\/of-tsavo-west.de\/index.php?rest_route=%2Fwp%2Fv2%2Fcomments&post=2100"}],"version-history":[{"count":10,"href":"https:\/\/of-tsavo-west.de\/index.php?rest_route=\/wp\/v2\/pages\/2100\/revisions"}],"predecessor-version":[{"id":2911,"href":"https:\/\/of-tsavo-west.de\/index.php?rest_route=\/wp\/v2\/pages\/2100\/revisions\/2911"}],"up":[{"embeddable":true,"href":"https:\/\/of-tsavo-west.de\/index.php?rest_route=\/wp\/v2\/pages\/2044"}],"wp:attachment":[{"href":"https:\/\/of-tsavo-west.de\/index.php?rest_route=%2Fwp%2Fv2%2Fmedia&parent=2100"}],"curies":[{"name":"wp","href":"https:\/\/api.w.org\/{rel}","templated":true}]}}