{"id":2044,"date":"2016-04-25T13:18:13","date_gmt":"2016-04-25T11:18:13","guid":{"rendered":"http:\/\/rhodesian-ridgeback.lima-city.de\/?page_id=2044"},"modified":"2018-07-07T11:54:40","modified_gmt":"2018-07-07T09:54:40","slug":"rasseportrait","status":"publish","type":"page","link":"https:\/\/of-tsavo-west.de\/?page_id=2044","title":{"rendered":"Hund ohne Extreme"},"content":{"rendered":"<p>Meist ist es das Erscheinungsbild des Rhodesian\u00a0 Ridgeback, das einen zuerst gefangen nimmt: Ein stattlicher, muskul\u00f6ser und dennoch eleganter Hund mit hellweizen- oder leuchtend rotweizenfarbenem Fell und einem merkw\u00fcrdigem, verkehrt wachsendem Haarstrich auf dem R\u00fccken. Vor\u00a0 allem aber der Blick ist es, mit dem dieser Hund aus dem S\u00fcden Afrikas uns anschaut, den Ridgeback-Freunde\u00a0 nie wieder vergessen k\u00f6nnen: dieser gleichzeitig distanzierte und unverwandte, w\u00fcrdevolle und\u00a0 herausfordernde Blick, der in uns den Wunsch weckt, diesen Hund zum Freund zu haben. <strong>Sch\u00f6n und harmonisch<\/strong> Ein guter Ridgeback zeigt viele Facetten von Sch\u00f6nheit: er ist gross &#8211; aber nicht riesig, kraftvoll &#8211; aber nicht plump, elegant &#8211; aber nicht zerbrechlich. Das Erscheinungsspektrum ist breit \u2013 entsprechend dem Erbe der vielen europ\u00e4ischen Hunderassen, die von den weissen Kolonialherren in den Urtyp des Khoi San-Hundes eingekreuzt wurden. Wichtig ist aber vor allem das gesunde Mittelmass: Der Rhodesian Ridgeback soll kein Hund der Extreme, sondern in Erscheinung und Eigenart ausgewogen und harmonisch sein. <strong>Reifes \u00c4hrenfeld<\/strong> Laut Standard darf die Farbpalette des Rhodesian Ridgeback vom hellen Weizengelb bis zum Rotgold eines reifen \u00c4hrenfeldes reichen \u2013 die Beige-, Ocker- und satten Rott\u00f6ne der afrikanischen Erde finden sich in seinem kurzem, niemals struppigem, aber auch nicht seidigen Fell wieder. Kleine weisse Abzeichen an Brust und Pfoten sind erlaubt, schwarze Haare aber nur an Beh\u00e4ngen und Maske. Unterwolle hat der Rhodesian Ridgeback keine \u2013 dennoch gew\u00f6hnt er sich recht gut an unseren europ\u00e4ischen Winter und tobt gerne im lockeren Schnee. Einzig nasskalten Nieselnebel, Pflotsch und Bindfadenregen liebt er ebenso wenig wie wir. <strong>Wichtiger als Sch\u00f6nheit: Wesen und Gesundheit<\/strong> Wichtiger als Farbe und Sch\u00f6nheit sind allerdings Wesen und Gesundheit! F\u00fcr beides ist die sorgf\u00e4ltige Auswahl genetisch bekannter und zusammenpassender Elterntiere Voraussetzung \u2013 und hier haben Rasseclubs und Zuchtverantwortliche eine wichtige Aufgabe zu erf\u00fcllen. Unter ihrer Kontrolle achten seri\u00f6se Z\u00fcchter darauf, die entsprechenden Vorgaben einzuhalten und die Welpen w\u00e4hrend der Aufzuchtphase der ersten Wochen sorgf\u00e4ltig zu pr\u00e4gen und zu sozialisieren. Eines allerdings kann niemand: eine Garantie f\u00fcr Gesundheit geben. Leider h\u00e4ufen sich nicht nur in der Human-, sondern auch in der Tiermedizin die F\u00e4lle schwerer und unheilbarer Krankheiten mit oft auch umweltbedingten Ursachen. <strong>Der Ridgeback ist ein \u201eFulltime Job\u201c \u2013 und eine grosse Liebe<\/strong> Wer sich vorgenommen hat, sein Leben mit einem Rhodesian Ridgeback zu teilen, der m\u00f6ge sich an die Empfehlung erinnern, dass man pr\u00fcfen sollte, bevor man sich bindet, worauf man sich einl\u00e4sst. \u201eEwig\u201c kann die Bindung bei der unterschiedlichen Lebenserwartung von Mensch und Hund\u00a0 leider ohnehin nicht sein \u2013 aber ein Alter von zehn bis zw\u00f6lf Jahren, manchmal auch von dreizehn bis vierzehn Jahren, kann ein Ridgeback durchaus erreichen. Es gibt im \u00dcbrigen nichts Sch\u00f6neres als die W\u00fcrde, die ein wirklich alter Ridgeback mit seinem weissen Gesicht und seinen wissenden Augen ausstrahlt! Vor allem junge Ridgebacks sind ein \u201eFulltime Job\u201c: Als ausgesprochen sp\u00e4treife Rasse brauchen Rhodesian Ridgebacks zwei bis drei Jahre, um wirklich erwachsen zu werden \u2013\u00a0 auch \u201eim Kopf\u201c. W\u00e4hrend dieser Zeit sind sie, was man \u201eTemperamentbolzen\u201c oder \u201ePower Pakete\u201c nennt: immer zu jedem Unsinn bereit und nie zu m\u00fcde, um nicht gleich wieder von vorne anzufangen! Verfressen und naschfreudig, wie fast alle Ridgebacks sind, ist meist nichts vor ihnen sicher \u2013 Ridgebacks sind die Massai unter den Hunden:\u00a0 \u00fcberzeugt, dass eigentlich alles ihnen geh\u00f6rt und sie sich eben holen m\u00fcssen, was wir ihnen nicht geben wollen. Im Spiel mit Artgenossen sind Ridgebacks oft so grob und ausgelassen, dass die zu den m\u00f6glichen Spielkumpanen geh\u00f6renden Zweibeiner leider nicht selten einen grossen Bogen um uns machen. Wie Spezialrichter Jochen Eberhardt, von dem auch die offizielle Standard-\u00dcbersetzung ins Deutsche stammt, in seinem Buch \u201eDer Rhodesian Ridgeback\u201c schreibt, ist der Ridgeback mit seinem Stockmass zwischen 61cm und 69 cm dabei fest \u00fcberzeugt, eigentlich ein Schosshund zu sein. Daf\u00fcr, dass er auf allen Seiten von unserem Schoss herunterh\u00e4ngt, kann er schliesslich nichts! <strong>Was braucht der Rhodesian Ridgeback?<\/strong> Ob der Ridgeback wirklich eine Villa mit Garten braucht, dar\u00fcber l\u00e4sst sich trefflich streiten. Mit Sicherheit liebt er ein flackerndes Kaminfeuer und die warme Fussbodenheizung \u2013 viel wichtiger aber ist ihm, dass er bei Ihnen sein kann. Er geniesst den grossen, sonnigen Garten \u2013 aber noch mehr liebt er es, mit Ihnen durch Feld, Wald und Wiese zu streifen!\u00a0 Ob Sie Ihren Ridgeback als Sportpartner oder Jagdkumpan, als Show-Champion oder einfach als Familien- und Begleithund halten \u2013 wichtig ist, dass Sie m\u00f6glichst viel Zeit und Liebe rund um die Uhr f\u00fcr ihn haben! \u00dcber Generationen wurde der Rhodesian Ridgeback in seiner afrikanischen Heimat nicht nur als Wachhund auf der Farm, sondern vor allem auch als Jagdhund im Busch eingesetzt und selektiv auf die daf\u00fcr n\u00f6tigen Eigenschaften gez\u00fcchtet. Ein passionierter Wach- und\u00a0 Jagdhund ist er auch heute noch \u2013 ein Schelm, wer Ihnen etwas anderes erz\u00e4hlt! Wir tun daher gut daran, diese Qualit\u00e4ten entweder zu nutzen und in Bahnen zu lenken oder sie, falls unerw\u00fcnscht, unter Kontrolle zu bekommen. Die Alternative ist, eine artgerechte Ersatzbesch\u00e4ftigung anzubieten, beispielsweise F\u00e4hrtenarbeit, Agility, Coursing oder Mantrailing &#8211; auch Schn\u00fcffelspiele und Abenteuerspazierg\u00e4nge sowie Wanderungen, Touren am Fahrrad oder als Reitbegleiter sind geeignet. Nur eines mag der Ridgeback nicht: gar nichts tun! Dann f\u00fchlt er sich unterfordert und wird sich, klug und selbst\u00e4ndig wie er ist, selbst eine Besch\u00e4ftigung suchen \u2013 und die entspricht dann vielleicht nicht immer unseren W\u00fcnschen und Vorstellungen! Darf er ein ausgef\u00fclltes Leben f\u00fchren, wird der Rhodesian Ridgeback \u00fcbrigens von selber manchmal auf die Idee kommen, auch einmal nichts zu tun. Zusammengerollt oder l\u00e4ngelang ausgestreckt geniesst er dann gerne die Musse und kann ein rechter Faulpelz sein. Doch man t\u00e4usche sich nicht: Auch dabei hat er, was ein rechter Ridgeback ist, das Geschehen rundherum stets unter Kontrolle\u2026 \u00a0 Von Annemarie Schmidt-Pfister<\/p>\n","protected":false},"excerpt":{"rendered":"<p>Meist ist es das Erscheinungsbild des Rhodesian\u00a0 Ridgeback, das einen zuerst gefangen nimmt: Ein stattlicher, muskul\u00f6ser und dennoch eleganter Hund mit hellweizen- oder leuchtend rotweizenfarbenem Fell und einem merkw\u00fcrdigem, verkehrt wachsendem Haarstrich auf dem R\u00fccken. Vor\u00a0 allem aber der Blick ist es, mit dem dieser Hund aus dem S\u00fcden Afrikas uns anschaut, den Ridgeback-Freunde\u00a0 nie [&hellip;]<\/p>\n","protected":false},"author":4,"featured_media":0,"parent":0,"menu_order":0,"comment_status":"closed","ping_status":"closed","template":"","meta":{"footnotes":""},"class_list":["post-2044","page","type-page","status-publish","hentry"],"_links":{"self":[{"href":"https:\/\/of-tsavo-west.de\/index.php?rest_route=\/wp\/v2\/pages\/2044","targetHints":{"allow":["GET"]}}],"collection":[{"href":"https:\/\/of-tsavo-west.de\/index.php?rest_route=\/wp\/v2\/pages"}],"about":[{"href":"https:\/\/of-tsavo-west.de\/index.php?rest_route=\/wp\/v2\/types\/page"}],"author":[{"embeddable":true,"href":"https:\/\/of-tsavo-west.de\/index.php?rest_route=\/wp\/v2\/users\/4"}],"replies":[{"embeddable":true,"href":"https:\/\/of-tsavo-west.de\/index.php?rest_route=%2Fwp%2Fv2%2Fcomments&post=2044"}],"version-history":[{"count":10,"href":"https:\/\/of-tsavo-west.de\/index.php?rest_route=\/wp\/v2\/pages\/2044\/revisions"}],"predecessor-version":[{"id":2900,"href":"https:\/\/of-tsavo-west.de\/index.php?rest_route=\/wp\/v2\/pages\/2044\/revisions\/2900"}],"wp:attachment":[{"href":"https:\/\/of-tsavo-west.de\/index.php?rest_route=%2Fwp%2Fv2%2Fmedia&parent=2044"}],"curies":[{"name":"wp","href":"https:\/\/api.w.org\/{rel}","templated":true}]}}